{"id":21,"date":"2020-10-24T10:25:04","date_gmt":"2020-10-24T08:25:04","guid":{"rendered":"https:\/\/192.168.2.217\/?page_id=21"},"modified":"2020-11-15T15:15:53","modified_gmt":"2020-11-15T14:15:53","slug":"leistungen","status":"publish","type":"page","link":"https:\/\/heilig-geist-hospiz.de\/?page_id=21","title":{"rendered":"Leistungen"},"content":{"rendered":"\t\t<div data-elementor-type=\"wp-page\" data-elementor-id=\"21\" class=\"elementor elementor-21\">\n\t\t\t\t\t\t<section class=\"elementor-section elementor-top-section elementor-element elementor-element-65e80252 elementor-section-height-min-height elementor-section-boxed elementor-section-height-default elementor-section-items-middle elementor-invisible\" data-id=\"65e80252\" data-element_type=\"section\" data-e-type=\"section\" data-settings=\"{&quot;background_background&quot;:&quot;classic&quot;,&quot;animation&quot;:&quot;fadeIn&quot;}\">\n\t\t\t\t\t\t<div class=\"elementor-container elementor-column-gap-default\">\n\t\t\t\t\t<div class=\"elementor-column elementor-col-100 elementor-top-column elementor-element elementor-element-4e8afe8\" data-id=\"4e8afe8\" data-element_type=\"column\" data-e-type=\"column\">\n\t\t\t<div class=\"elementor-widget-wrap\">\n\t\t\t\t\t\t\t<\/div>\n\t\t<\/div>\n\t\t\t\t\t<\/div>\n\t\t<\/section>\n\t\t\t\t<section class=\"elementor-section elementor-top-section elementor-element elementor-element-7ee8b656 elementor-section-boxed elementor-section-height-default elementor-section-height-default\" data-id=\"7ee8b656\" data-element_type=\"section\" data-e-type=\"section\">\n\t\t\t\t\t\t<div class=\"elementor-container elementor-column-gap-default\">\n\t\t\t\t\t<div class=\"elementor-column elementor-col-100 elementor-top-column elementor-element elementor-element-74a183e8\" data-id=\"74a183e8\" data-element_type=\"column\" data-e-type=\"column\">\n\t\t\t<div class=\"elementor-widget-wrap elementor-element-populated\">\n\t\t\t\t\t\t<div class=\"elementor-element elementor-element-45b4980 elementor-invisible elementor-widget elementor-widget-heading\" data-id=\"45b4980\" data-element_type=\"widget\" data-e-type=\"widget\" data-settings=\"{&quot;_animation&quot;:&quot;fadeInUp&quot;}\" data-widget_type=\"heading.default\">\n\t\t\t\t<div class=\"elementor-widget-container\">\n\t\t\t\t\t<h1 class=\"elementor-heading-title elementor-size-default\">Leistungen<\/h1>\t\t\t\t<\/div>\n\t\t\t\t<\/div>\n\t\t\t\t<div class=\"elementor-element elementor-element-375855f elementor-invisible elementor-widget elementor-widget-heading\" data-id=\"375855f\" data-element_type=\"widget\" data-e-type=\"widget\" data-settings=\"{&quot;_animation&quot;:&quot;fadeInUp&quot;}\" data-widget_type=\"heading.default\">\n\t\t\t\t<div class=\"elementor-widget-container\">\n\t\t\t\t\t<h2 class=\"elementor-heading-title elementor-size-default\">Sicher und gut leben bis zuletzt<\/h2>\t\t\t\t<\/div>\n\t\t\t\t<\/div>\n\t\t\t\t<div class=\"elementor-element elementor-element-11e6e11f elementor-invisible elementor-widget elementor-widget-text-editor\" data-id=\"11e6e11f\" data-element_type=\"widget\" data-e-type=\"widget\" data-settings=\"{&quot;_animation&quot;:&quot;fadeInUp&quot;}\" data-widget_type=\"text-editor.default\">\n\t\t\t\t<div class=\"elementor-widget-container\">\n\t\t\t\t\t\t\t\t\t<div><p>Wenn aufgrund des Krankheitsbildes oder der famili\u00e4ren Situation der Schwerstkranke oder Sterbende nicht mehr Zuhause versorgt werden kann, bietet das Hospiz den richtigen Rahmen. Von einem interdisziplin\u00e4ren Team aus Pflegekr\u00e4ften, Sozialdienst, hauswirtschaftlichen Mitarbeitenden, Therapeuten, Ehrenamtlichen und Seelsorgern wird die letzte, h\u00e4ufig schwierige Lebensphase in einer liebevollen und wohnlichen Atmosph\u00e4re begleitet. Hier ist man nicht l\u00e4nger Patient, sondern Gast oder Bewohner. Die \u00e4rztliche Versorgung \u00fcbernehmen Haus\u00e4rzte oder der <a href=\"http:\/\/www.palliativnetz-unna.de\/\">Palliativmedizinische Konsiliardienst<\/a>.\u00a0<\/p><\/div>\t\t\t\t\t\t\t\t<\/div>\n\t\t\t\t<\/div>\n\t\t\t\t<div class=\"elementor-element elementor-element-535f3ca elementor-invisible elementor-widget elementor-widget-heading\" data-id=\"535f3ca\" data-element_type=\"widget\" data-e-type=\"widget\" data-settings=\"{&quot;_animation&quot;:&quot;fadeInUp&quot;}\" data-widget_type=\"heading.default\">\n\t\t\t\t<div class=\"elementor-widget-container\">\n\t\t\t\t\t<h2 class=\"elementor-heading-title elementor-size-default\">Wir bieten an:<\/h2>\t\t\t\t<\/div>\n\t\t\t\t<\/div>\n\t\t\t\t<div class=\"elementor-element elementor-element-84e820c elementor-invisible elementor-widget elementor-widget-text-editor\" data-id=\"84e820c\" data-element_type=\"widget\" data-e-type=\"widget\" data-settings=\"{&quot;_animation&quot;:&quot;fadeInUp&quot;}\" data-widget_type=\"text-editor.default\">\n\t\t\t\t<div class=\"elementor-widget-container\">\n\t\t\t\t\t\t\t\t\t<div><ul><li>Individuelle palliative Pflege<\/li><li><span style=\"font-size: 16px;\">Ad\u00e4quate Schmerztherapie und Symptomkontrolle<\/span><\/li><li><span style=\"font-size: 16px;\">Zeit f\u00fcr unsere G\u00e4ste<\/span><\/li><li><span style=\"font-size: 16px;\">Selbstbestimmter Tagesablauf mit Erhaltung der gr\u00f6\u00dftm\u00f6glichen Autonomie des Gastes<\/span><\/li><li><span style=\"font-size: 16px;\">Einbeziehung der Angeh\u00f6rigen und Freunde<\/span><\/li><li><span style=\"font-size: 16px;\">Entlastende Gespr\u00e4chsangebote<\/span><\/li><li><span style=\"font-size: 16px;\">Ehrenamtliche Begleitung nach Wunsch<\/span><\/li><\/ul><\/div>\t\t\t\t\t\t\t\t<\/div>\n\t\t\t\t<\/div>\n\t\t\t\t<div class=\"elementor-element elementor-element-edd0cb5 elementor-invisible elementor-widget elementor-widget-heading\" data-id=\"edd0cb5\" data-element_type=\"widget\" data-e-type=\"widget\" data-settings=\"{&quot;_animation&quot;:&quot;fadeInUp&quot;}\" data-widget_type=\"heading.default\">\n\t\t\t\t<div class=\"elementor-widget-container\">\n\t\t\t\t\t<h2 class=\"elementor-heading-title elementor-size-default\">Wir nennen aber auch unsere Grenzen:<\/h2>\t\t\t\t<\/div>\n\t\t\t\t<\/div>\n\t\t\t\t<div class=\"elementor-element elementor-element-a51f225 elementor-invisible elementor-widget elementor-widget-text-editor\" data-id=\"a51f225\" data-element_type=\"widget\" data-e-type=\"widget\" data-settings=\"{&quot;_animation&quot;:&quot;fadeInUp&quot;}\" data-widget_type=\"text-editor.default\">\n\t\t\t\t<div class=\"elementor-widget-container\">\n\t\t\t\t\t\t\t\t\t<div><ul><li>Keine intensivmedizinische Apparatur<\/li><li><span style=\"font-size: 16px;\">Keine Langzeitpflege<\/span><\/li><li><span style=\"font-size: 16px;\">Keine aktive Sterbehilfe<\/span><\/li><\/ul><\/div>\t\t\t\t\t\t\t\t<\/div>\n\t\t\t\t<\/div>\n\t\t\t\t\t<\/div>\n\t\t<\/div>\n\t\t\t\t\t<\/div>\n\t\t<\/section>\n\t\t\t\t<\/div>\n\t\t","protected":false},"excerpt":{"rendered":"<p>Leistungen Sicher und gut leben bis zuletzt Wenn aufgrund des Krankheitsbildes oder der famili\u00e4ren Situation der Schwerstkranke oder Sterbende nicht mehr Zuhause versorgt werden kann, bietet das Hospiz den richtigen Rahmen. Von einem interdisziplin\u00e4ren Team aus Pflegekr\u00e4ften, Sozialdienst, hauswirtschaftlichen Mitarbeitenden, Therapeuten, Ehrenamtlichen und Seelsorgern wird die letzte, h\u00e4ufig schwierige Lebensphase in einer liebevollen und wohnlichen [&hellip;]<\/p>\n","protected":false},"author":1,"featured_media":0,"parent":0,"menu_order":6,"comment_status":"closed","ping_status":"closed","template":"","meta":{"_acf_changed":false,"site-sidebar-layout":"no-sidebar","site-content-layout":"page-builder","ast-site-content-layout":"default","site-content-style":"default","site-sidebar-style":"default","ast-global-header-display":"","ast-banner-title-visibility":"","ast-main-header-display":"","ast-hfb-above-header-display":"","ast-hfb-below-header-display":"","ast-hfb-mobile-header-display":"","site-post-title":"disabled","ast-breadcrumbs-content":"","ast-featured-img":"disabled","footer-sml-layout":"","ast-disable-related-posts":"","theme-transparent-header-meta":"default","adv-header-id-meta":"","stick-header-meta":"default","header-above-stick-meta":"","header-main-stick-meta":"","header-below-stick-meta":"","astra-migrate-meta-layouts":"default","ast-page-background-enabled":"default","ast-page-background-meta":{"desktop":{"background-color":"","background-image":"","background-repeat":"repeat","background-position":"center center","background-size":"auto","background-attachment":"scroll","background-type":"","background-media":"","overlay-type":"","overlay-color":"","overlay-opacity":"","overlay-gradient":""},"tablet":{"background-color":"","background-image":"","background-repeat":"repeat","background-position":"center center","background-size":"auto","background-attachment":"scroll","background-type":"","background-media":"","overlay-type":"","overlay-color":"","overlay-opacity":"","overlay-gradient":""},"mobile":{"background-color":"","background-image":"","background-repeat":"repeat","background-position":"center center","background-size":"auto","background-attachment":"scroll","background-type":"","background-media":"","overlay-type":"","overlay-color":"","overlay-opacity":"","overlay-gradient":""}},"ast-content-background-meta":{"desktop":{"background-color":"var(--ast-global-color-5)","background-image":"","background-repeat":"repeat","background-position":"center center","background-size":"auto","background-attachment":"scroll","background-type":"","background-media":"","overlay-type":"","overlay-color":"","overlay-opacity":"","overlay-gradient":""},"tablet":{"background-color":"var(--ast-global-color-5)","background-image":"","background-repeat":"repeat","background-position":"center center","background-size":"auto","background-attachment":"scroll","background-type":"","background-media":"","overlay-type":"","overlay-color":"","overlay-opacity":"","overlay-gradient":""},"mobile":{"background-color":"var(--ast-global-color-5)","background-image":"","background-repeat":"repeat","background-position":"center center","background-size":"auto","background-attachment":"scroll","background-type":"","background-media":"","overlay-type":"","overlay-color":"","overlay-opacity":"","overlay-gradient":""}},"footnotes":""},"class_list":["post-21","page","type-page","status-publish","hentry"],"acf":[],"_links":{"self":[{"href":"https:\/\/heilig-geist-hospiz.de\/index.php?rest_route=\/wp\/v2\/pages\/21","targetHints":{"allow":["GET"]}}],"collection":[{"href":"https:\/\/heilig-geist-hospiz.de\/index.php?rest_route=\/wp\/v2\/pages"}],"about":[{"href":"https:\/\/heilig-geist-hospiz.de\/index.php?rest_route=\/wp\/v2\/types\/page"}],"author":[{"embeddable":true,"href":"https:\/\/heilig-geist-hospiz.de\/index.php?rest_route=\/wp\/v2\/users\/1"}],"replies":[{"embeddable":true,"href":"https:\/\/heilig-geist-hospiz.de\/index.php?rest_route=%2Fwp%2Fv2%2Fcomments&post=21"}],"version-history":[{"count":21,"href":"https:\/\/heilig-geist-hospiz.de\/index.php?rest_route=\/wp\/v2\/pages\/21\/revisions"}],"predecessor-version":[{"id":648,"href":"https:\/\/heilig-geist-hospiz.de\/index.php?rest_route=\/wp\/v2\/pages\/21\/revisions\/648"}],"wp:attachment":[{"href":"https:\/\/heilig-geist-hospiz.de\/index.php?rest_route=%2Fwp%2Fv2%2Fmedia&parent=21"}],"curies":[{"name":"wp","href":"https:\/\/api.w.org\/{rel}","templated":true}]}}