{"id":17,"date":"2020-10-24T10:24:39","date_gmt":"2020-10-24T08:24:39","guid":{"rendered":"https:\/\/192.168.2.217\/?page_id=17"},"modified":"2026-01-20T10:49:36","modified_gmt":"2026-01-20T09:49:36","slug":"unser-team","status":"publish","type":"page","link":"https:\/\/heilig-geist-hospiz.de\/?page_id=17","title":{"rendered":"Unser Team"},"content":{"rendered":"\t\t<div data-elementor-type=\"wp-page\" data-elementor-id=\"17\" class=\"elementor elementor-17\">\n\t\t\t\t\t\t<section class=\"elementor-section elementor-top-section elementor-element elementor-element-4d8a42af elementor-section-height-min-height elementor-section-boxed elementor-section-height-default elementor-section-items-middle elementor-invisible\" data-id=\"4d8a42af\" data-element_type=\"section\" data-e-type=\"section\" data-settings=\"{&quot;background_background&quot;:&quot;classic&quot;,&quot;animation&quot;:&quot;fadeIn&quot;}\">\n\t\t\t\t\t\t<div class=\"elementor-container elementor-column-gap-default\">\n\t\t\t\t\t<div class=\"elementor-column elementor-col-100 elementor-top-column elementor-element elementor-element-ec08351\" data-id=\"ec08351\" data-element_type=\"column\" data-e-type=\"column\">\n\t\t\t<div class=\"elementor-widget-wrap\">\n\t\t\t\t\t\t\t<\/div>\n\t\t<\/div>\n\t\t\t\t\t<\/div>\n\t\t<\/section>\n\t\t\t\t<section class=\"elementor-section elementor-top-section elementor-element elementor-element-135d22b5 elementor-section-boxed elementor-section-height-default elementor-section-height-default\" data-id=\"135d22b5\" data-element_type=\"section\" data-e-type=\"section\">\n\t\t\t\t\t\t<div class=\"elementor-container elementor-column-gap-default\">\n\t\t\t\t\t<div class=\"elementor-column elementor-col-100 elementor-top-column elementor-element elementor-element-257e5783\" data-id=\"257e5783\" data-element_type=\"column\" data-e-type=\"column\">\n\t\t\t<div class=\"elementor-widget-wrap elementor-element-populated\">\n\t\t\t\t\t\t<div class=\"elementor-element elementor-element-322d59c elementor-invisible elementor-widget elementor-widget-heading\" data-id=\"322d59c\" data-element_type=\"widget\" data-e-type=\"widget\" data-settings=\"{&quot;_animation&quot;:&quot;fadeInUp&quot;}\" data-widget_type=\"heading.default\">\n\t\t\t\t<div class=\"elementor-widget-container\">\n\t\t\t\t\t<h1 class=\"elementor-heading-title elementor-size-default\">Unser Team<\/h1>\t\t\t\t<\/div>\n\t\t\t\t<\/div>\n\t\t\t\t<div class=\"elementor-element elementor-element-1fc23a69 elementor-invisible elementor-widget elementor-widget-heading\" data-id=\"1fc23a69\" data-element_type=\"widget\" data-e-type=\"widget\" data-settings=\"{&quot;_animation&quot;:&quot;fadeInUp&quot;}\" data-widget_type=\"heading.default\">\n\t\t\t\t<div class=\"elementor-widget-container\">\n\t\t\t\t\t<h2 class=\"elementor-heading-title elementor-size-default\">Wir sind f\u00fcr Sie da<\/h2>\t\t\t\t<\/div>\n\t\t\t\t<\/div>\n\t\t\t\t<div class=\"elementor-element elementor-element-87df1bf elementor-invisible elementor-widget elementor-widget-text-editor\" data-id=\"87df1bf\" data-element_type=\"widget\" data-e-type=\"widget\" data-settings=\"{&quot;_animation&quot;:&quot;fadeInUp&quot;}\" data-widget_type=\"text-editor.default\">\n\t\t\t\t<div class=\"elementor-widget-container\">\n\t\t\t\t\t\t\t\t\t<p>Die W\u00fcrde unserer G\u00e4ste, ihre Lebensqualit\u00e4t und Selbstbestimmung sowie pflegerische und pers\u00f6nliche F\u00fcrsorge stehen im Mittelpunkt unserer Arbeit. Als interdisziplin\u00e4res Team von haupt- und ehrenamtlichen Mitarbeitern legen wir Wert auf Wertsch\u00e4tzung und Respekt. Bei uns arbeiten Pflegekr\u00e4fte, Therapeuten, Hauswirtschaftlerinnen, Seelsorger und viele andere qualifizierte Menschen Hand in Hand. Damit unsere G\u00e4ste rund um die Uhr medizinisch gut versorgt sind, arbeiten wir mit den niedergelassenen \u00c4rzten und dem Palliativmedizinischen Konsiliardienst (PKD) eng zusammen. Wir bringen unsere Lebensfreude, unsere Talente und Interessen gerne in den Hospizalltag ein. Wie sch\u00f6n, wenn die Palliativ-Care-Schwester am Klavier musiziert oder die Therapeutin ihren Hund mitbringt.<\/p>\t\t\t\t\t\t\t\t<\/div>\n\t\t\t\t<\/div>\n\t\t\t\t\t<\/div>\n\t\t<\/div>\n\t\t\t\t\t<\/div>\n\t\t<\/section>\n\t\t\t\t<section class=\"elementor-section elementor-top-section elementor-element elementor-element-ec2290f elementor-section-boxed elementor-section-height-default elementor-section-height-default\" data-id=\"ec2290f\" data-element_type=\"section\" data-e-type=\"section\">\n\t\t\t\t\t\t<div class=\"elementor-container elementor-column-gap-default\">\n\t\t\t\t\t<div class=\"elementor-column elementor-col-50 elementor-top-column elementor-element elementor-element-a590902\" data-id=\"a590902\" data-element_type=\"column\" data-e-type=\"column\">\n\t\t\t<div class=\"elementor-widget-wrap elementor-element-populated\">\n\t\t\t\t\t\t<div class=\"elementor-element elementor-element-d2855da elementor-widget elementor-widget-image\" data-id=\"d2855da\" data-element_type=\"widget\" data-e-type=\"widget\" data-widget_type=\"image.default\">\n\t\t\t\t<div class=\"elementor-widget-container\">\n\t\t\t\t\t\t\t\t\t\t\t\t\t\t\t<img fetchpriority=\"high\" decoding=\"async\" width=\"1024\" height=\"683\" src=\"https:\/\/heilig-geist-hospiz.de\/wp-content\/uploads\/2024\/11\/Sorgatz-Mareike-1024x683.jpg\" class=\"attachment-large size-large wp-image-935\" alt=\"\" srcset=\"https:\/\/heilig-geist-hospiz.de\/wp-content\/uploads\/2024\/11\/Sorgatz-Mareike-1024x683.jpg 1024w, https:\/\/heilig-geist-hospiz.de\/wp-content\/uploads\/2024\/11\/Sorgatz-Mareike-300x200.jpg 300w, https:\/\/heilig-geist-hospiz.de\/wp-content\/uploads\/2024\/11\/Sorgatz-Mareike-768x512.jpg 768w, https:\/\/heilig-geist-hospiz.de\/wp-content\/uploads\/2024\/11\/Sorgatz-Mareike-1536x1025.jpg 1536w, https:\/\/heilig-geist-hospiz.de\/wp-content\/uploads\/2024\/11\/Sorgatz-Mareike-2048x1366.jpg 2048w\" sizes=\"(max-width: 1024px) 100vw, 1024px\" \/>\t\t\t\t\t\t\t\t\t\t\t\t\t\t\t<\/div>\n\t\t\t\t<\/div>\n\t\t\t\t<div class=\"elementor-element elementor-element-009cb6a elementor-widget elementor-widget-heading\" data-id=\"009cb6a\" data-element_type=\"widget\" data-e-type=\"widget\" data-widget_type=\"heading.default\">\n\t\t\t\t<div class=\"elementor-widget-container\">\n\t\t\t\t\t<h3 class=\"elementor-heading-title elementor-size-default\"><span style=\"color: var( --e-global-color-primary );font-size: 1.5rem;font-style: normal;font-weight: 400\">Mareike Sorgatz<\/span><\/h3>\t\t\t\t<\/div>\n\t\t\t\t<\/div>\n\t\t\t\t<div class=\"elementor-element elementor-element-5fa1206 elementor-widget elementor-widget-heading\" data-id=\"5fa1206\" data-element_type=\"widget\" data-e-type=\"widget\" data-widget_type=\"heading.default\">\n\t\t\t\t<div class=\"elementor-widget-container\">\n\t\t\t\t\t<span class=\"elementor-heading-title elementor-size-default\">Hospizleitung<\/span>\t\t\t\t<\/div>\n\t\t\t\t<\/div>\n\t\t\t\t\t<\/div>\n\t\t<\/div>\n\t\t\t\t<div class=\"elementor-column elementor-col-50 elementor-top-column elementor-element elementor-element-e5d9ac3\" data-id=\"e5d9ac3\" data-element_type=\"column\" data-e-type=\"column\">\n\t\t\t<div class=\"elementor-widget-wrap elementor-element-populated\">\n\t\t\t\t\t\t<div class=\"elementor-element elementor-element-af26e90 elementor-widget elementor-widget-image\" data-id=\"af26e90\" data-element_type=\"widget\" data-e-type=\"widget\" data-widget_type=\"image.default\">\n\t\t\t\t<div class=\"elementor-widget-container\">\n\t\t\t\t\t\t\t\t\t\t\t\t\t\t\t<img decoding=\"async\" width=\"926\" height=\"618\" src=\"https:\/\/heilig-geist-hospiz.de\/wp-content\/uploads\/2025\/03\/Schulz-Ina2.jpg\" class=\"attachment-large size-large wp-image-1038\" alt=\"\" srcset=\"https:\/\/heilig-geist-hospiz.de\/wp-content\/uploads\/2025\/03\/Schulz-Ina2.jpg 926w, https:\/\/heilig-geist-hospiz.de\/wp-content\/uploads\/2025\/03\/Schulz-Ina2-300x200.jpg 300w, https:\/\/heilig-geist-hospiz.de\/wp-content\/uploads\/2025\/03\/Schulz-Ina2-768x513.jpg 768w\" sizes=\"(max-width: 926px) 100vw, 926px\" \/>\t\t\t\t\t\t\t\t\t\t\t\t\t\t\t<\/div>\n\t\t\t\t<\/div>\n\t\t\t\t<div class=\"elementor-element elementor-element-e892b10 elementor-widget elementor-widget-heading\" data-id=\"e892b10\" data-element_type=\"widget\" data-e-type=\"widget\" data-widget_type=\"heading.default\">\n\t\t\t\t<div class=\"elementor-widget-container\">\n\t\t\t\t\t<h3 class=\"elementor-heading-title elementor-size-default\">Ina Schulz<\/h3>\t\t\t\t<\/div>\n\t\t\t\t<\/div>\n\t\t\t\t<div class=\"elementor-element elementor-element-c01a04c elementor-widget elementor-widget-heading\" data-id=\"c01a04c\" data-element_type=\"widget\" data-e-type=\"widget\" data-widget_type=\"heading.default\">\n\t\t\t\t<div class=\"elementor-widget-container\">\n\t\t\t\t\t<span class=\"elementor-heading-title elementor-size-default\">Pflegedienstleitung<\/span>\t\t\t\t<\/div>\n\t\t\t\t<\/div>\n\t\t\t\t\t<\/div>\n\t\t<\/div>\n\t\t\t\t\t<\/div>\n\t\t<\/section>\n\t\t\t\t<section class=\"elementor-section elementor-top-section elementor-element elementor-element-58326b7 elementor-section-boxed elementor-section-height-default elementor-section-height-default\" data-id=\"58326b7\" data-element_type=\"section\" data-e-type=\"section\">\n\t\t\t\t\t\t<div class=\"elementor-container elementor-column-gap-default\">\n\t\t\t\t\t<div class=\"elementor-column elementor-col-100 elementor-top-column elementor-element elementor-element-f4aa633\" data-id=\"f4aa633\" data-element_type=\"column\" data-e-type=\"column\">\n\t\t\t<div class=\"elementor-widget-wrap elementor-element-populated\">\n\t\t\t\t\t\t<div class=\"elementor-element elementor-element-21bb202 elementor-widget elementor-widget-heading\" data-id=\"21bb202\" data-element_type=\"widget\" data-e-type=\"widget\" data-widget_type=\"heading.default\">\n\t\t\t\t<div class=\"elementor-widget-container\">\n\t\t\t\t\t<h3 class=\"elementor-heading-title elementor-size-default\">Unser Team der Mitarbeitenden<\/h3>\t\t\t\t<\/div>\n\t\t\t\t<\/div>\n\t\t\t\t\t<\/div>\n\t\t<\/div>\n\t\t\t\t\t<\/div>\n\t\t<\/section>\n\t\t\t\t<section class=\"elementor-section elementor-top-section elementor-element elementor-element-ae0f43e elementor-section-boxed elementor-section-height-default elementor-section-height-default\" data-id=\"ae0f43e\" data-element_type=\"section\" data-e-type=\"section\">\n\t\t\t\t\t\t<div class=\"elementor-container elementor-column-gap-default\">\n\t\t\t\t\t<div class=\"elementor-column elementor-col-100 elementor-top-column elementor-element elementor-element-6680878\" data-id=\"6680878\" data-element_type=\"column\" data-e-type=\"column\">\n\t\t\t<div class=\"elementor-widget-wrap elementor-element-populated\">\n\t\t\t\t\t\t<div class=\"elementor-element elementor-element-1bda5b7 elementor-widget elementor-widget-image\" data-id=\"1bda5b7\" data-element_type=\"widget\" data-e-type=\"widget\" data-widget_type=\"image.default\">\n\t\t\t\t<div class=\"elementor-widget-container\">\n\t\t\t\t\t\t\t\t\t\t\t\t\t\t\t<img decoding=\"async\" width=\"1024\" height=\"679\" src=\"https:\/\/heilig-geist-hospiz.de\/wp-content\/uploads\/2026\/01\/2026-01-Team-Hospiz-e1768902421464-1024x679.jpg\" class=\"attachment-large size-large wp-image-1392\" alt=\"\" srcset=\"https:\/\/heilig-geist-hospiz.de\/wp-content\/uploads\/2026\/01\/2026-01-Team-Hospiz-e1768902421464-1024x679.jpg 1024w, https:\/\/heilig-geist-hospiz.de\/wp-content\/uploads\/2026\/01\/2026-01-Team-Hospiz-e1768902421464-300x199.jpg 300w, https:\/\/heilig-geist-hospiz.de\/wp-content\/uploads\/2026\/01\/2026-01-Team-Hospiz-e1768902421464-768x509.jpg 768w, https:\/\/heilig-geist-hospiz.de\/wp-content\/uploads\/2026\/01\/2026-01-Team-Hospiz-e1768902421464-1536x1018.jpg 1536w, https:\/\/heilig-geist-hospiz.de\/wp-content\/uploads\/2026\/01\/2026-01-Team-Hospiz-e1768902421464.jpg 2013w\" sizes=\"(max-width: 1024px) 100vw, 1024px\" \/>\t\t\t\t\t\t\t\t\t\t\t\t\t\t\t<\/div>\n\t\t\t\t<\/div>\n\t\t\t\t<div class=\"elementor-element elementor-element-bc115a8 elementor-widget elementor-widget-heading\" data-id=\"bc115a8\" data-element_type=\"widget\" data-e-type=\"widget\" data-widget_type=\"heading.default\">\n\t\t\t\t<div class=\"elementor-widget-container\">\n\t\t\t\t\t<h3 class=\"elementor-heading-title elementor-size-default\">Unsere Ehrenamtlichen<\/h3>\t\t\t\t<\/div>\n\t\t\t\t<\/div>\n\t\t\t\t<div class=\"elementor-element elementor-element-c1de96d elementor-widget elementor-widget-image\" data-id=\"c1de96d\" data-element_type=\"widget\" data-e-type=\"widget\" data-widget_type=\"image.default\">\n\t\t\t\t<div class=\"elementor-widget-container\">\n\t\t\t\t\t\t\t\t\t\t\t\t\t\t\t<img loading=\"lazy\" decoding=\"async\" width=\"1024\" height=\"768\" src=\"https:\/\/heilig-geist-hospiz.de\/wp-content\/uploads\/2025\/11\/2025-10-Ehrenamtliche-aktuell-1024x768.jpg\" class=\"attachment-large size-large wp-image-1220\" alt=\"\" srcset=\"https:\/\/heilig-geist-hospiz.de\/wp-content\/uploads\/2025\/11\/2025-10-Ehrenamtliche-aktuell-1024x768.jpg 1024w, https:\/\/heilig-geist-hospiz.de\/wp-content\/uploads\/2025\/11\/2025-10-Ehrenamtliche-aktuell-300x225.jpg 300w, https:\/\/heilig-geist-hospiz.de\/wp-content\/uploads\/2025\/11\/2025-10-Ehrenamtliche-aktuell-768x576.jpg 768w, https:\/\/heilig-geist-hospiz.de\/wp-content\/uploads\/2025\/11\/2025-10-Ehrenamtliche-aktuell-1536x1152.jpg 1536w, https:\/\/heilig-geist-hospiz.de\/wp-content\/uploads\/2025\/11\/2025-10-Ehrenamtliche-aktuell-2048x1536.jpg 2048w\" sizes=\"(max-width: 1024px) 100vw, 1024px\" \/>\t\t\t\t\t\t\t\t\t\t\t\t\t\t\t<\/div>\n\t\t\t\t<\/div>\n\t\t\t\t\t<\/div>\n\t\t<\/div>\n\t\t\t\t\t<\/div>\n\t\t<\/section>\n\t\t\t\t<\/div>\n\t\t","protected":false},"excerpt":{"rendered":"<p>Unser Team Wir sind f\u00fcr Sie da Die W\u00fcrde unserer G\u00e4ste, ihre Lebensqualit\u00e4t und Selbstbestimmung sowie pflegerische und pers\u00f6nliche F\u00fcrsorge stehen im Mittelpunkt unserer Arbeit. Als interdisziplin\u00e4res Team von haupt- und ehrenamtlichen Mitarbeitern legen wir Wert auf Wertsch\u00e4tzung und Respekt. Bei uns arbeiten Pflegekr\u00e4fte, Therapeuten, Hauswirtschaftlerinnen, Seelsorger und viele andere qualifizierte Menschen Hand in Hand. [&hellip;]<\/p>\n","protected":false},"author":1,"featured_media":0,"parent":0,"menu_order":4,"comment_status":"closed","ping_status":"closed","template":"","meta":{"_acf_changed":false,"site-sidebar-layout":"no-sidebar","site-content-layout":"page-builder","ast-site-content-layout":"full-width-container","site-content-style":"unboxed","site-sidebar-style":"unboxed","ast-global-header-display":"","ast-banner-title-visibility":"","ast-main-header-display":"","ast-hfb-above-header-display":"","ast-hfb-below-header-display":"","ast-hfb-mobile-header-display":"","site-post-title":"disabled","ast-breadcrumbs-content":"","ast-featured-img":"disabled","footer-sml-layout":"","ast-disable-related-posts":"","theme-transparent-header-meta":"default","adv-header-id-meta":"","stick-header-meta":"default","header-above-stick-meta":"","header-main-stick-meta":"","header-below-stick-meta":"","astra-migrate-meta-layouts":"set","ast-page-background-enabled":"default","ast-page-background-meta":{"desktop":{"background-color":"","background-image":"","background-repeat":"repeat","background-position":"center center","background-size":"auto","background-attachment":"scroll","background-type":"","background-media":"","overlay-type":"","overlay-color":"","overlay-opacity":"","overlay-gradient":""},"tablet":{"background-color":"","background-image":"","background-repeat":"repeat","background-position":"center center","background-size":"auto","background-attachment":"scroll","background-type":"","background-media":"","overlay-type":"","overlay-color":"","overlay-opacity":"","overlay-gradient":""},"mobile":{"background-color":"","background-image":"","background-repeat":"repeat","background-position":"center center","background-size":"auto","background-attachment":"scroll","background-type":"","background-media":"","overlay-type":"","overlay-color":"","overlay-opacity":"","overlay-gradient":""}},"ast-content-background-meta":{"desktop":{"background-color":"var(--ast-global-color-5)","background-image":"","background-repeat":"repeat","background-position":"center center","background-size":"auto","background-attachment":"scroll","background-type":"","background-media":"","overlay-type":"","overlay-color":"","overlay-opacity":"","overlay-gradient":""},"tablet":{"background-color":"var(--ast-global-color-5)","background-image":"","background-repeat":"repeat","background-position":"center center","background-size":"auto","background-attachment":"scroll","background-type":"","background-media":"","overlay-type":"","overlay-color":"","overlay-opacity":"","overlay-gradient":""},"mobile":{"background-color":"var(--ast-global-color-5)","background-image":"","background-repeat":"repeat","background-position":"center center","background-size":"auto","background-attachment":"scroll","background-type":"","background-media":"","overlay-type":"","overlay-color":"","overlay-opacity":"","overlay-gradient":""}},"footnotes":""},"class_list":["post-17","page","type-page","status-publish","hentry"],"acf":[],"_links":{"self":[{"href":"https:\/\/heilig-geist-hospiz.de\/index.php?rest_route=\/wp\/v2\/pages\/17","targetHints":{"allow":["GET"]}}],"collection":[{"href":"https:\/\/heilig-geist-hospiz.de\/index.php?rest_route=\/wp\/v2\/pages"}],"about":[{"href":"https:\/\/heilig-geist-hospiz.de\/index.php?rest_route=\/wp\/v2\/types\/page"}],"author":[{"embeddable":true,"href":"https:\/\/heilig-geist-hospiz.de\/index.php?rest_route=\/wp\/v2\/users\/1"}],"replies":[{"embeddable":true,"href":"https:\/\/heilig-geist-hospiz.de\/index.php?rest_route=%2Fwp%2Fv2%2Fcomments&post=17"}],"version-history":[{"count":91,"href":"https:\/\/heilig-geist-hospiz.de\/index.php?rest_route=\/wp\/v2\/pages\/17\/revisions"}],"predecessor-version":[{"id":1398,"href":"https:\/\/heilig-geist-hospiz.de\/index.php?rest_route=\/wp\/v2\/pages\/17\/revisions\/1398"}],"wp:attachment":[{"href":"https:\/\/heilig-geist-hospiz.de\/index.php?rest_route=%2Fwp%2Fv2%2Fmedia&parent=17"}],"curies":[{"name":"wp","href":"https:\/\/api.w.org\/{rel}","templated":true}]}}